{"id":84,"date":"2025-04-07T14:40:47","date_gmt":"2025-04-07T14:40:47","guid":{"rendered":"https:\/\/laserginecologico.es\/?page_id=84"},"modified":"2025-04-07T14:41:16","modified_gmt":"2025-04-07T14:41:16","slug":"my-account","status":"publish","type":"page","link":"https:\/\/laserginecologico.es\/en\/my-account\/","title":{"rendered":"My account"},"content":{"rendered":"<div data-elementor-type=\"wp-page\" data-elementor-id=\"84\" class=\"elementor elementor-84\" data-elementor-post-type=\"page\">\n\t\t\t\t<div class=\"elementor-element elementor-element-49d1f50e e-con-full e-flex e-con e-parent\" data-id=\"49d1f50e\" data-element_type=\"container\" data-e-type=\"container\">\n\t\t\t\t<div class=\"elementor-element elementor-element-1fdd8f65 elementor-widget-divider--view-line elementor-widget elementor-widget-divider\" data-id=\"1fdd8f65\" data-element_type=\"widget\" data-e-type=\"widget\" data-widget_type=\"divider.default\">\n\t\t\t\t<div class=\"elementor-widget-container\">\n\t\t\t\t\t\t\t<div class=\"elementor-divider\">\n\t\t\t<span class=\"elementor-divider-separator\">\n\t\t\t\t\t\t<\/span>\n\t\t<\/div>\n\t\t\t\t\t\t<\/div>\n\t\t\t\t<\/div>\n\t\t\t\t<div class=\"elementor-element elementor-element-437cfbff elementor-widget elementor-widget-heading\" data-id=\"437cfbff\" data-element_type=\"widget\" data-e-type=\"widget\" data-widget_type=\"heading.default\">\n\t\t\t\t<div class=\"elementor-widget-container\">\n\t\t\t\t\t<h2 class=\"elementor-heading-title elementor-size-default\">My Account<\/h2>\t\t\t\t<\/div>\n\t\t\t\t<\/div>\n\t\t\t\t<\/div>\n\t\t<div class=\"elementor-element elementor-element-7366682b e-con-full e-flex e-con e-parent\" data-id=\"7366682b\" data-element_type=\"container\" data-e-type=\"container\">\n\t\t\t\t<\/div>\n\t\t\t\t<\/div>","protected":false},"excerpt":{"rendered":"<p>My Account Dashboard Orders Downloads Addresses Account Details Logout Dashboard Orders Downloads Addresses Account Details Logout Hello admin (not admin? Log out) From your account dashboard you can view your recent orders, manage your shipping and billing addresses and edit your password and account details.<\/p>","protected":false},"author":1,"featured_media":87,"parent":0,"menu_order":0,"comment_status":"closed","ping_status":"closed","template":"elementor_header_footer","meta":{"footnotes":""},"class_list":["post-84","page","type-page","status-publish","has-post-thumbnail","hentry"],"yoast_head":"<!-- This site is optimized with the Yoast SEO plugin v27.3 - https:\/\/yoast.com\/product\/yoast-seo-wordpress\/ -->\n<title>My account - L\u00e1ser Ginecol\u00f3gico \u2022 M\u00e1laga<\/title>\n<meta name=\"robots\" content=\"index, follow, max-snippet:-1, max-image-preview:large, max-video-preview:-1\" \/>\n<link rel=\"canonical\" href=\"https:\/\/laserginecologico.es\/en\/my-account\/\" \/>\n<meta property=\"og:locale\" content=\"en_GB\" \/>\n<meta property=\"og:type\" content=\"article\" \/>\n<meta property=\"og:title\" content=\"My account - L\u00e1ser Ginecol\u00f3gico \u2022 M\u00e1laga\" \/>\n<meta property=\"og:description\" content=\"My Account Dashboard Orders Downloads Addresses Account Details Logout Dashboard Orders Downloads Addresses Account Details Logout Hola admin (\u00bfno eres admin? Cerrar sesi\u00f3n) Desde el escritorio de tu cuenta puedes ver tus pedidos recientes, gestionar tus direcciones de env\u00edo y facturaci\u00f3n y editar tu contrase\u00f1a y los detalles de tu cuenta.\" \/>\n<meta property=\"og:url\" content=\"https:\/\/laserginecologico.es\/en\/my-account\/\" \/>\n<meta property=\"og:site_name\" content=\"L\u00e1ser Ginecol\u00f3gico \u2022 M\u00e1laga\" \/>\n<meta property=\"article:publisher\" content=\"https:\/\/www.facebook.com\/laserginecologicomalaga\" \/>\n<meta property=\"article:modified_time\" content=\"2025-04-07T14:41:16+00:00\" \/>\n<meta property=\"og:image\" content=\"https:\/\/laserginecologico.es\/wp-content\/uploads\/2025\/04\/Houseplant-Supplies-my-account.jpg\" \/>\n\t<meta property=\"og:image:width\" content=\"400\" \/>\n\t<meta property=\"og:image:height\" content=\"380\" \/>\n\t<meta property=\"og:image:type\" content=\"image\/jpeg\" \/>\n<meta name=\"twitter:card\" content=\"summary_large_image\" \/>\n<script type=\"application\/ld+json\" class=\"yoast-schema-graph\">{\"@context\":\"https:\\\/\\\/schema.org\",\"@graph\":[{\"@type\":\"WebPage\",\"@id\":\"https:\\\/\\\/laserginecologico.es\\\/my-account\\\/\",\"url\":\"https:\\\/\\\/laserginecologico.es\\\/my-account\\\/\",\"name\":\"My account - L\u00e1ser Ginecol\u00f3gico \u2022 M\u00e1laga\",\"isPartOf\":{\"@id\":\"https:\\\/\\\/laserginecologico.es\\\/#website\"},\"primaryImageOfPage\":{\"@id\":\"https:\\\/\\\/laserginecologico.es\\\/my-account\\\/#primaryimage\"},\"image\":{\"@id\":\"https:\\\/\\\/laserginecologico.es\\\/my-account\\\/#primaryimage\"},\"thumbnailUrl\":\"https:\\\/\\\/laserginecologico.es\\\/wp-content\\\/uploads\\\/2025\\\/04\\\/Houseplant-Supplies-my-account.jpg\",\"datePublished\":\"2025-04-07T14:40:47+00:00\",\"dateModified\":\"2025-04-07T14:41:16+00:00\",\"breadcrumb\":{\"@id\":\"https:\\\/\\\/laserginecologico.es\\\/my-account\\\/#breadcrumb\"},\"inLanguage\":\"en-GB\",\"potentialAction\":[{\"@type\":\"ReadAction\",\"target\":[\"https:\\\/\\\/laserginecologico.es\\\/my-account\\\/\"]}]},{\"@type\":\"ImageObject\",\"inLanguage\":\"en-GB\",\"@id\":\"https:\\\/\\\/laserginecologico.es\\\/my-account\\\/#primaryimage\",\"url\":\"https:\\\/\\\/laserginecologico.es\\\/wp-content\\\/uploads\\\/2025\\\/04\\\/Houseplant-Supplies-my-account.jpg\",\"contentUrl\":\"https:\\\/\\\/laserginecologico.es\\\/wp-content\\\/uploads\\\/2025\\\/04\\\/Houseplant-Supplies-my-account.jpg\",\"width\":400,\"height\":380},{\"@type\":\"BreadcrumbList\",\"@id\":\"https:\\\/\\\/laserginecologico.es\\\/my-account\\\/#breadcrumb\",\"itemListElement\":[{\"@type\":\"ListItem\",\"position\":1,\"name\":\"Portada\",\"item\":\"https:\\\/\\\/laserginecologico.es\\\/\"},{\"@type\":\"ListItem\",\"position\":2,\"name\":\"My account\"}]},{\"@type\":\"WebSite\",\"@id\":\"https:\\\/\\\/laserginecologico.es\\\/#website\",\"url\":\"https:\\\/\\\/laserginecologico.es\\\/\",\"name\":\"L\u00e1ser Ginecol\u00f3gico \u2022 M\u00e1laga\",\"description\":\"La m\u00e1s avanzada tecnolog\u00eda de diagn\u00f3stico y tratamiento con l\u00e1ser ginecol\u00f3gico a tu servicio y ahora disponible en el coraz\u00f3n de M\u00e1laga.\",\"publisher\":{\"@id\":\"https:\\\/\\\/laserginecologico.es\\\/#organization\"},\"potentialAction\":[{\"@type\":\"SearchAction\",\"target\":{\"@type\":\"EntryPoint\",\"urlTemplate\":\"https:\\\/\\\/laserginecologico.es\\\/?s={search_term_string}\"},\"query-input\":{\"@type\":\"PropertyValueSpecification\",\"valueRequired\":true,\"valueName\":\"search_term_string\"}}],\"inLanguage\":\"en-GB\"},{\"@type\":\"Organization\",\"@id\":\"https:\\\/\\\/laserginecologico.es\\\/#organization\",\"name\":\"L\u00e1ser Ginecol\u00f3gico \u2022 M\u00e1laga\",\"url\":\"https:\\\/\\\/laserginecologico.es\\\/\",\"logo\":{\"@type\":\"ImageObject\",\"inLanguage\":\"en-GB\",\"@id\":\"https:\\\/\\\/laserginecologico.es\\\/#\\\/schema\\\/logo\\\/image\\\/\",\"url\":\"https:\\\/\\\/laserginecologico.es\\\/wp-content\\\/uploads\\\/2025\\\/04\\\/beauty-in-any-age-charming-tender-woman-touches-c-2025-01-24-02-50-28-utcmodif.jpg\",\"contentUrl\":\"https:\\\/\\\/laserginecologico.es\\\/wp-content\\\/uploads\\\/2025\\\/04\\\/beauty-in-any-age-charming-tender-woman-touches-c-2025-01-24-02-50-28-utcmodif.jpg\",\"width\":2550,\"height\":1700,\"caption\":\"L\u00e1ser Ginecol\u00f3gico \u2022 M\u00e1laga\"},\"image\":{\"@id\":\"https:\\\/\\\/laserginecologico.es\\\/#\\\/schema\\\/logo\\\/image\\\/\"},\"sameAs\":[\"https:\\\/\\\/www.facebook.com\\\/laserginecologicomalaga\"]}]}<\/script>\n<!-- \/ Yoast SEO plugin. -->","yoast_head_json":{"title":"My account - L\u00e1ser Ginecol\u00f3gico \u2022 M\u00e1laga","robots":{"index":"index","follow":"follow","max-snippet":"max-snippet:-1","max-image-preview":"max-image-preview:large","max-video-preview":"max-video-preview:-1"},"canonical":"https:\/\/laserginecologico.es\/en\/my-account\/","og_locale":"en_GB","og_type":"article","og_title":"My account - L\u00e1ser Ginecol\u00f3gico \u2022 M\u00e1laga","og_description":"My Account Dashboard Orders Downloads Addresses Account Details Logout Dashboard Orders Downloads Addresses Account Details Logout Hola admin (\u00bfno eres admin? Cerrar sesi\u00f3n) Desde el escritorio de tu cuenta puedes ver tus pedidos recientes, gestionar tus direcciones de env\u00edo y facturaci\u00f3n y editar tu contrase\u00f1a y los detalles de tu cuenta.","og_url":"https:\/\/laserginecologico.es\/en\/my-account\/","og_site_name":"L\u00e1ser Ginecol\u00f3gico \u2022 M\u00e1laga","article_publisher":"https:\/\/www.facebook.com\/laserginecologicomalaga","article_modified_time":"2025-04-07T14:41:16+00:00","og_image":[{"width":400,"height":380,"url":"https:\/\/laserginecologico.es\/wp-content\/uploads\/2025\/04\/Houseplant-Supplies-my-account.jpg","type":"image\/jpeg"}],"twitter_card":"summary_large_image","schema":{"@context":"https:\/\/schema.org","@graph":[{"@type":"WebPage","@id":"https:\/\/laserginecologico.es\/my-account\/","url":"https:\/\/laserginecologico.es\/my-account\/","name":"My account - L\u00e1ser Ginecol\u00f3gico \u2022 M\u00e1laga","isPartOf":{"@id":"https:\/\/laserginecologico.es\/#website"},"primaryImageOfPage":{"@id":"https:\/\/laserginecologico.es\/my-account\/#primaryimage"},"image":{"@id":"https:\/\/laserginecologico.es\/my-account\/#primaryimage"},"thumbnailUrl":"https:\/\/laserginecologico.es\/wp-content\/uploads\/2025\/04\/Houseplant-Supplies-my-account.jpg","datePublished":"2025-04-07T14:40:47+00:00","dateModified":"2025-04-07T14:41:16+00:00","breadcrumb":{"@id":"https:\/\/laserginecologico.es\/my-account\/#breadcrumb"},"inLanguage":"en-GB","potentialAction":[{"@type":"ReadAction","target":["https:\/\/laserginecologico.es\/my-account\/"]}]},{"@type":"ImageObject","inLanguage":"en-GB","@id":"https:\/\/laserginecologico.es\/my-account\/#primaryimage","url":"https:\/\/laserginecologico.es\/wp-content\/uploads\/2025\/04\/Houseplant-Supplies-my-account.jpg","contentUrl":"https:\/\/laserginecologico.es\/wp-content\/uploads\/2025\/04\/Houseplant-Supplies-my-account.jpg","width":400,"height":380},{"@type":"BreadcrumbList","@id":"https:\/\/laserginecologico.es\/my-account\/#breadcrumb","itemListElement":[{"@type":"ListItem","position":1,"name":"Portada","item":"https:\/\/laserginecologico.es\/"},{"@type":"ListItem","position":2,"name":"My account"}]},{"@type":"WebSite","@id":"https:\/\/laserginecologico.es\/#website","url":"https:\/\/laserginecologico.es\/","name":"Gynaecological Laser - Malaga","description":"The most advanced gynaecological laser diagnosis and treatment technology at your service and now available in the heart of Malaga.","publisher":{"@id":"https:\/\/laserginecologico.es\/#organization"},"potentialAction":[{"@type":"SearchAction","target":{"@type":"EntryPoint","urlTemplate":"https:\/\/laserginecologico.es\/?s={search_term_string}"},"query-input":{"@type":"PropertyValueSpecification","valueRequired":true,"valueName":"search_term_string"}}],"inLanguage":"en-GB"},{"@type":"Organization","@id":"https:\/\/laserginecologico.es\/#organization","name":"Gynaecological Laser - Malaga","url":"https:\/\/laserginecologico.es\/","logo":{"@type":"ImageObject","inLanguage":"en-GB","@id":"https:\/\/laserginecologico.es\/#\/schema\/logo\/image\/","url":"https:\/\/laserginecologico.es\/wp-content\/uploads\/2025\/04\/beauty-in-any-age-charming-tender-woman-touches-c-2025-01-24-02-50-28-utcmodif.jpg","contentUrl":"https:\/\/laserginecologico.es\/wp-content\/uploads\/2025\/04\/beauty-in-any-age-charming-tender-woman-touches-c-2025-01-24-02-50-28-utcmodif.jpg","width":2550,"height":1700,"caption":"L\u00e1ser Ginecol\u00f3gico \u2022 M\u00e1laga"},"image":{"@id":"https:\/\/laserginecologico.es\/#\/schema\/logo\/image\/"},"sameAs":["https:\/\/www.facebook.com\/laserginecologicomalaga"]}]}},"_links":{"self":[{"href":"https:\/\/laserginecologico.es\/en\/wp-json\/wp\/v2\/pages\/84","targetHints":{"allow":["GET"]}}],"collection":[{"href":"https:\/\/laserginecologico.es\/en\/wp-json\/wp\/v2\/pages"}],"about":[{"href":"https:\/\/laserginecologico.es\/en\/wp-json\/wp\/v2\/types\/page"}],"author":[{"embeddable":true,"href":"https:\/\/laserginecologico.es\/en\/wp-json\/wp\/v2\/users\/1"}],"replies":[{"embeddable":true,"href":"https:\/\/laserginecologico.es\/en\/wp-json\/wp\/v2\/comments?post=84"}],"version-history":[{"count":4,"href":"https:\/\/laserginecologico.es\/en\/wp-json\/wp\/v2\/pages\/84\/revisions"}],"predecessor-version":[{"id":160,"href":"https:\/\/laserginecologico.es\/en\/wp-json\/wp\/v2\/pages\/84\/revisions\/160"}],"wp:featuredmedia":[{"embeddable":true,"href":"https:\/\/laserginecologico.es\/en\/wp-json\/wp\/v2\/media\/87"}],"wp:attachment":[{"href":"https:\/\/laserginecologico.es\/en\/wp-json\/wp\/v2\/media?parent=84"}],"curies":[{"name":"wp","href":"https:\/\/api.w.org\/{rel}","templated":true}]}}