{"id":76,"date":"2025-04-07T14:40:45","date_gmt":"2025-04-07T14:40:45","guid":{"rendered":"https:\/\/laserginecologico.es\/?page_id=76"},"modified":"2025-04-07T14:41:15","modified_gmt":"2025-04-07T14:41:15","slug":"cart","status":"publish","type":"page","link":"https:\/\/laserginecologico.es\/en\/cart\/","title":{"rendered":"Cart"},"content":{"rendered":"<div data-elementor-type=\"wp-page\" data-elementor-id=\"76\" class=\"elementor elementor-76\" data-elementor-post-type=\"page\">\n\t\t\t\t<div class=\"elementor-element elementor-element-4ef2460d e-con-full e-flex e-con e-parent\" data-id=\"4ef2460d\" data-element_type=\"container\" data-e-type=\"container\">\n\t\t\t\t<div class=\"elementor-element elementor-element-69c9d1c9 elementor-widget-divider--view-line elementor-widget elementor-widget-divider\" data-id=\"69c9d1c9\" data-element_type=\"widget\" data-e-type=\"widget\" data-widget_type=\"divider.default\">\n\t\t\t\t<div class=\"elementor-widget-container\">\n\t\t\t\t\t\t\t<div class=\"elementor-divider\">\n\t\t\t<span class=\"elementor-divider-separator\">\n\t\t\t\t\t\t<\/span>\n\t\t<\/div>\n\t\t\t\t\t\t<\/div>\n\t\t\t\t<\/div>\n\t\t\t\t<div class=\"elementor-element elementor-element-48be3d5e elementor-widget elementor-widget-heading\" data-id=\"48be3d5e\" data-element_type=\"widget\" data-e-type=\"widget\" data-widget_type=\"heading.default\">\n\t\t\t\t<div class=\"elementor-widget-container\">\n\t\t\t\t\t<h2 class=\"elementor-heading-title elementor-size-default\">My Cart<\/h2>\t\t\t\t<\/div>\n\t\t\t\t<\/div>\n\t\t\t\t<\/div>\n\t\t<div class=\"elementor-element elementor-element-7e5851a3 e-con-full e-flex e-con e-parent\" data-id=\"7e5851a3\" data-element_type=\"container\" data-e-type=\"container\">\n\t\t<div class=\"elementor-element elementor-element-79d03aa4 e-con-full e-flex e-con e-parent\" data-id=\"79d03aa4\" data-element_type=\"container\" data-e-type=\"container\">\n\t\t\t\t<\/div>\n\t\t\t\t<\/div>\n\t\t\t\t<\/div>","protected":false},"excerpt":{"rendered":"<p>My Cart Your shopping cart is empty.<\/p>","protected":false},"author":1,"featured_media":79,"parent":0,"menu_order":0,"comment_status":"closed","ping_status":"closed","template":"elementor_header_footer","meta":{"footnotes":""},"class_list":["post-76","page","type-page","status-publish","has-post-thumbnail","hentry"],"yoast_head":"<!-- This site is optimized with the Yoast SEO plugin v27.5 - https:\/\/yoast.com\/product\/yoast-seo-wordpress\/ -->\n<title>Cart - L\u00e1ser Ginecol\u00f3gico \u2022 M\u00e1laga<\/title>\n<meta name=\"robots\" content=\"index, follow, max-snippet:-1, max-image-preview:large, max-video-preview:-1\" \/>\n<link rel=\"canonical\" href=\"https:\/\/laserginecologico.es\/en\/cart\/\" \/>\n<meta property=\"og:locale\" content=\"en_GB\" \/>\n<meta property=\"og:type\" content=\"article\" \/>\n<meta property=\"og:title\" content=\"Cart - L\u00e1ser Ginecol\u00f3gico \u2022 M\u00e1laga\" \/>\n<meta property=\"og:description\" content=\"My Cart Tu carrito est\u00e1 vac\u00edo.\" \/>\n<meta property=\"og:url\" content=\"https:\/\/laserginecologico.es\/en\/cart\/\" \/>\n<meta property=\"og:site_name\" content=\"L\u00e1ser Ginecol\u00f3gico \u2022 M\u00e1laga\" \/>\n<meta property=\"article:publisher\" content=\"https:\/\/www.facebook.com\/laserginecologicomalaga\" \/>\n<meta property=\"article:modified_time\" content=\"2025-04-07T14:41:15+00:00\" \/>\n<meta property=\"og:image\" content=\"https:\/\/laserginecologico.es\/wp-content\/uploads\/2025\/04\/Houseplant-Supplies-cart.jpg\" \/>\n\t<meta property=\"og:image:width\" content=\"400\" \/>\n\t<meta property=\"og:image:height\" content=\"380\" \/>\n\t<meta property=\"og:image:type\" content=\"image\/jpeg\" \/>\n<meta name=\"twitter:card\" content=\"summary_large_image\" \/>\n<script type=\"application\/ld+json\" class=\"yoast-schema-graph\">{\"@context\":\"https:\\\/\\\/schema.org\",\"@graph\":[{\"@type\":\"WebPage\",\"@id\":\"https:\\\/\\\/laserginecologico.es\\\/cart\\\/\",\"url\":\"https:\\\/\\\/laserginecologico.es\\\/cart\\\/\",\"name\":\"Cart - L\u00e1ser Ginecol\u00f3gico \u2022 M\u00e1laga\",\"isPartOf\":{\"@id\":\"https:\\\/\\\/laserginecologico.es\\\/#website\"},\"primaryImageOfPage\":{\"@id\":\"https:\\\/\\\/laserginecologico.es\\\/cart\\\/#primaryimage\"},\"image\":{\"@id\":\"https:\\\/\\\/laserginecologico.es\\\/cart\\\/#primaryimage\"},\"thumbnailUrl\":\"https:\\\/\\\/laserginecologico.es\\\/wp-content\\\/uploads\\\/2025\\\/04\\\/Houseplant-Supplies-cart.jpg\",\"datePublished\":\"2025-04-07T14:40:45+00:00\",\"dateModified\":\"2025-04-07T14:41:15+00:00\",\"breadcrumb\":{\"@id\":\"https:\\\/\\\/laserginecologico.es\\\/cart\\\/#breadcrumb\"},\"inLanguage\":\"en-GB\",\"potentialAction\":[{\"@type\":\"ReadAction\",\"target\":[\"https:\\\/\\\/laserginecologico.es\\\/cart\\\/\"]}]},{\"@type\":\"ImageObject\",\"inLanguage\":\"en-GB\",\"@id\":\"https:\\\/\\\/laserginecologico.es\\\/cart\\\/#primaryimage\",\"url\":\"https:\\\/\\\/laserginecologico.es\\\/wp-content\\\/uploads\\\/2025\\\/04\\\/Houseplant-Supplies-cart.jpg\",\"contentUrl\":\"https:\\\/\\\/laserginecologico.es\\\/wp-content\\\/uploads\\\/2025\\\/04\\\/Houseplant-Supplies-cart.jpg\",\"width\":400,\"height\":380},{\"@type\":\"BreadcrumbList\",\"@id\":\"https:\\\/\\\/laserginecologico.es\\\/cart\\\/#breadcrumb\",\"itemListElement\":[{\"@type\":\"ListItem\",\"position\":1,\"name\":\"Portada\",\"item\":\"https:\\\/\\\/laserginecologico.es\\\/\"},{\"@type\":\"ListItem\",\"position\":2,\"name\":\"Cart\"}]},{\"@type\":\"WebSite\",\"@id\":\"https:\\\/\\\/laserginecologico.es\\\/#website\",\"url\":\"https:\\\/\\\/laserginecologico.es\\\/\",\"name\":\"L\u00e1ser Ginecol\u00f3gico \u2022 M\u00e1laga\",\"description\":\"La m\u00e1s avanzada tecnolog\u00eda de diagn\u00f3stico y tratamiento con l\u00e1ser ginecol\u00f3gico a tu servicio y ahora disponible en el coraz\u00f3n de M\u00e1laga.\",\"publisher\":{\"@id\":\"https:\\\/\\\/laserginecologico.es\\\/#organization\"},\"potentialAction\":[{\"@type\":\"SearchAction\",\"target\":{\"@type\":\"EntryPoint\",\"urlTemplate\":\"https:\\\/\\\/laserginecologico.es\\\/?s={search_term_string}\"},\"query-input\":{\"@type\":\"PropertyValueSpecification\",\"valueRequired\":true,\"valueName\":\"search_term_string\"}}],\"inLanguage\":\"en-GB\"},{\"@type\":\"Organization\",\"@id\":\"https:\\\/\\\/laserginecologico.es\\\/#organization\",\"name\":\"L\u00e1ser Ginecol\u00f3gico \u2022 M\u00e1laga\",\"url\":\"https:\\\/\\\/laserginecologico.es\\\/\",\"logo\":{\"@type\":\"ImageObject\",\"inLanguage\":\"en-GB\",\"@id\":\"https:\\\/\\\/laserginecologico.es\\\/#\\\/schema\\\/logo\\\/image\\\/\",\"url\":\"https:\\\/\\\/laserginecologico.es\\\/wp-content\\\/uploads\\\/2025\\\/04\\\/beauty-in-any-age-charming-tender-woman-touches-c-2025-01-24-02-50-28-utcmodif.jpg\",\"contentUrl\":\"https:\\\/\\\/laserginecologico.es\\\/wp-content\\\/uploads\\\/2025\\\/04\\\/beauty-in-any-age-charming-tender-woman-touches-c-2025-01-24-02-50-28-utcmodif.jpg\",\"width\":2550,\"height\":1700,\"caption\":\"L\u00e1ser Ginecol\u00f3gico \u2022 M\u00e1laga\"},\"image\":{\"@id\":\"https:\\\/\\\/laserginecologico.es\\\/#\\\/schema\\\/logo\\\/image\\\/\"},\"sameAs\":[\"https:\\\/\\\/www.facebook.com\\\/laserginecologicomalaga\"]}]}<\/script>\n<!-- \/ Yoast SEO plugin. -->","yoast_head_json":{"title":"Cart - L\u00e1ser Ginecol\u00f3gico \u2022 M\u00e1laga","robots":{"index":"index","follow":"follow","max-snippet":"max-snippet:-1","max-image-preview":"max-image-preview:large","max-video-preview":"max-video-preview:-1"},"canonical":"https:\/\/laserginecologico.es\/en\/cart\/","og_locale":"en_GB","og_type":"article","og_title":"Cart - L\u00e1ser Ginecol\u00f3gico \u2022 M\u00e1laga","og_description":"My Cart Tu carrito est\u00e1 vac\u00edo.","og_url":"https:\/\/laserginecologico.es\/en\/cart\/","og_site_name":"L\u00e1ser Ginecol\u00f3gico \u2022 M\u00e1laga","article_publisher":"https:\/\/www.facebook.com\/laserginecologicomalaga","article_modified_time":"2025-04-07T14:41:15+00:00","og_image":[{"width":400,"height":380,"url":"https:\/\/laserginecologico.es\/wp-content\/uploads\/2025\/04\/Houseplant-Supplies-cart.jpg","type":"image\/jpeg"}],"twitter_card":"summary_large_image","schema":{"@context":"https:\/\/schema.org","@graph":[{"@type":"WebPage","@id":"https:\/\/laserginecologico.es\/cart\/","url":"https:\/\/laserginecologico.es\/cart\/","name":"Cart - L\u00e1ser Ginecol\u00f3gico \u2022 M\u00e1laga","isPartOf":{"@id":"https:\/\/laserginecologico.es\/#website"},"primaryImageOfPage":{"@id":"https:\/\/laserginecologico.es\/cart\/#primaryimage"},"image":{"@id":"https:\/\/laserginecologico.es\/cart\/#primaryimage"},"thumbnailUrl":"https:\/\/laserginecologico.es\/wp-content\/uploads\/2025\/04\/Houseplant-Supplies-cart.jpg","datePublished":"2025-04-07T14:40:45+00:00","dateModified":"2025-04-07T14:41:15+00:00","breadcrumb":{"@id":"https:\/\/laserginecologico.es\/cart\/#breadcrumb"},"inLanguage":"en-GB","potentialAction":[{"@type":"ReadAction","target":["https:\/\/laserginecologico.es\/cart\/"]}]},{"@type":"ImageObject","inLanguage":"en-GB","@id":"https:\/\/laserginecologico.es\/cart\/#primaryimage","url":"https:\/\/laserginecologico.es\/wp-content\/uploads\/2025\/04\/Houseplant-Supplies-cart.jpg","contentUrl":"https:\/\/laserginecologico.es\/wp-content\/uploads\/2025\/04\/Houseplant-Supplies-cart.jpg","width":400,"height":380},{"@type":"BreadcrumbList","@id":"https:\/\/laserginecologico.es\/cart\/#breadcrumb","itemListElement":[{"@type":"ListItem","position":1,"name":"Portada","item":"https:\/\/laserginecologico.es\/"},{"@type":"ListItem","position":2,"name":"Cart"}]},{"@type":"WebSite","@id":"https:\/\/laserginecologico.es\/#website","url":"https:\/\/laserginecologico.es\/","name":"Gynaecological Laser - Malaga","description":"The most advanced gynaecological laser diagnosis and treatment technology at your service and now available in the heart of Malaga.","publisher":{"@id":"https:\/\/laserginecologico.es\/#organization"},"potentialAction":[{"@type":"SearchAction","target":{"@type":"EntryPoint","urlTemplate":"https:\/\/laserginecologico.es\/?s={search_term_string}"},"query-input":{"@type":"PropertyValueSpecification","valueRequired":true,"valueName":"search_term_string"}}],"inLanguage":"en-GB"},{"@type":"Organization","@id":"https:\/\/laserginecologico.es\/#organization","name":"Gynaecological Laser - Malaga","url":"https:\/\/laserginecologico.es\/","logo":{"@type":"ImageObject","inLanguage":"en-GB","@id":"https:\/\/laserginecologico.es\/#\/schema\/logo\/image\/","url":"https:\/\/laserginecologico.es\/wp-content\/uploads\/2025\/04\/beauty-in-any-age-charming-tender-woman-touches-c-2025-01-24-02-50-28-utcmodif.jpg","contentUrl":"https:\/\/laserginecologico.es\/wp-content\/uploads\/2025\/04\/beauty-in-any-age-charming-tender-woman-touches-c-2025-01-24-02-50-28-utcmodif.jpg","width":2550,"height":1700,"caption":"L\u00e1ser Ginecol\u00f3gico \u2022 M\u00e1laga"},"image":{"@id":"https:\/\/laserginecologico.es\/#\/schema\/logo\/image\/"},"sameAs":["https:\/\/www.facebook.com\/laserginecologicomalaga"]}]}},"_links":{"self":[{"href":"https:\/\/laserginecologico.es\/en\/wp-json\/wp\/v2\/pages\/76","targetHints":{"allow":["GET"]}}],"collection":[{"href":"https:\/\/laserginecologico.es\/en\/wp-json\/wp\/v2\/pages"}],"about":[{"href":"https:\/\/laserginecologico.es\/en\/wp-json\/wp\/v2\/types\/page"}],"author":[{"embeddable":true,"href":"https:\/\/laserginecologico.es\/en\/wp-json\/wp\/v2\/users\/1"}],"replies":[{"embeddable":true,"href":"https:\/\/laserginecologico.es\/en\/wp-json\/wp\/v2\/comments?post=76"}],"version-history":[{"count":4,"href":"https:\/\/laserginecologico.es\/en\/wp-json\/wp\/v2\/pages\/76\/revisions"}],"predecessor-version":[{"id":156,"href":"https:\/\/laserginecologico.es\/en\/wp-json\/wp\/v2\/pages\/76\/revisions\/156"}],"wp:featuredmedia":[{"embeddable":true,"href":"https:\/\/laserginecologico.es\/en\/wp-json\/wp\/v2\/media\/79"}],"wp:attachment":[{"href":"https:\/\/laserginecologico.es\/en\/wp-json\/wp\/v2\/media?parent=76"}],"curies":[{"name":"wp","href":"https:\/\/api.w.org\/{rel}","templated":true}]}}