{"id":56,"date":"2025-04-07T14:40:40","date_gmt":"2025-04-07T14:40:40","guid":{"rendered":"https:\/\/laserginecologico.es\/?page_id=56"},"modified":"2025-05-07T11:29:58","modified_gmt":"2025-05-07T11:29:58","slug":"contacto","status":"publish","type":"page","link":"https:\/\/laserginecologico.es\/en\/contacto\/","title":{"rendered":"Contact"},"content":{"rendered":"\t\t<div data-elementor-type=\"wp-page\" data-elementor-id=\"56\" class=\"elementor elementor-56\" data-elementor-post-type=\"page\">\n\t\t\t\t<div class=\"elementor-element elementor-element-2cbfd9f2 e-con-full e-flex e-con e-parent\" data-id=\"2cbfd9f2\" data-element_type=\"container\" data-e-type=\"container\">\n\t\t\t\t<div class=\"elementor-element elementor-element-1906c2bb elementor-widget-divider--view-line elementor-widget elementor-widget-divider\" data-id=\"1906c2bb\" data-element_type=\"widget\" data-e-type=\"widget\" data-widget_type=\"divider.default\">\n\t\t\t\t<div class=\"elementor-widget-container\">\n\t\t\t\t\t\t\t<div class=\"elementor-divider\">\n\t\t\t<span class=\"elementor-divider-separator\">\n\t\t\t\t\t\t<\/span>\n\t\t<\/div>\n\t\t\t\t\t\t<\/div>\n\t\t\t\t<\/div>\n\t\t\t\t<div class=\"elementor-element elementor-element-3840922e elementor-widget elementor-widget-heading\" data-id=\"3840922e\" data-element_type=\"widget\" data-e-type=\"widget\" data-widget_type=\"heading.default\">\n\t\t\t\t<div class=\"elementor-widget-container\">\n\t\t\t\t\t<h2 class=\"elementor-heading-title elementor-size-default\">CONTACTO<\/h2>\t\t\t\t<\/div>\n\t\t\t\t<\/div>\n\t\t\t\t<\/div>\n\t\t<div class=\"elementor-element elementor-element-7429f407 e-con-full elementor-hidden-desktop elementor-hidden-tablet elementor-hidden-mobile e-flex e-con e-parent\" data-id=\"7429f407\" data-element_type=\"container\" data-e-type=\"container\">\n\t\t<div class=\"elementor-element elementor-element-1ac55d71 e-con-full e-flex e-con e-child\" data-id=\"1ac55d71\" data-element_type=\"container\" data-e-type=\"container\" data-settings=\"{&quot;background_background&quot;:&quot;classic&quot;}\">\n\t\t\t\t<div class=\"elementor-element elementor-element-f5c2570 elementor-view-default elementor-widget elementor-widget-icon\" data-id=\"f5c2570\" data-element_type=\"widget\" data-e-type=\"widget\" data-widget_type=\"icon.default\">\n\t\t\t\t<div class=\"elementor-widget-container\">\n\t\t\t\t\t\t\t<div class=\"elementor-icon-wrapper\">\n\t\t\t<div class=\"elementor-icon\">\n\t\t\t<svg xmlns=\"http:\/\/www.w3.org\/2000\/svg\" id=\"e4945254-de7d-48b0-8ba8-a8420c2ac2a1\" data-name=\"Layer 1\" width=\"150.06\" height=\"220.732\" viewBox=\"0 0 150.06 220.732\"><defs><style>.bb0a5661-ae59-4898-929d-1db5b2c55f96{fill-rule:evenodd;}<\/style><\/defs><path class=\"bb0a5661-ae59-4898-929d-1db5b2c55f96\" d=\"M109.615,29.2409A146.1057,146.1057,0,0,0,98.4822,53.2822C97.91,38.9479,92.4277,26.0468,86.9642,16.59A106.54,106.54,0,0,0,79.02,4.7479c-1.0837-1.3987-1.9875-2.4856-2.6213-3.2239-.3169-.3692-.5664-.6512-.7372-.8416-.0854-.0951-.1511-.1674-.1958-.2162l-.051-.0554L75.4016.3965l-.005-.0054L75.0312,0l-.3653.3911-.005.0054-.0133.0143-.051.0554c-.0447.0488-.11.1211-.1958.2162-.1708.19-.42.4724-.7372.8416-.6338.7383-1.5376,1.8252-2.6213,3.2239A106.54,106.54,0,0,0,63.0983,16.59C57.6339,26.0483,52.1508,38.9521,51.58,53.2893a146.0833,146.0833,0,0,0-11.136-24.0484C30.2321,12.0407,17.0248,1.2169,0,2.2333l.06.9982c16.4752-.9836,29.3929,9.4548,39.5246,26.52,10.13,17.0615,17.3974,40.6316,22.581,65.6192C68.728,127.006,71.937,160.845,73.4083,186.475c-4.55-35.223-15.7474-60.268-26.9607-77.33a122.8354,122.8354,0,0,0-20.02-23.7132A81.1746,81.1746,0,0,0,19.8161,80.02c-.8-.5815-1.4293-1.0091-1.86-1.2922-.2156-.1416-.3816-.2471-.4945-.3176-.0564-.0352-.1-.0618-.129-.08l-.0338-.02-.0091-.0054-.0025-.0016s-.0013-.0007-.2569.429l-.2317.3895c-.0239.04-.0238.04-.0238.04l.0014.0008.0067.0041.0292.0177c.0263.016.0664.0406.12.0739.1066.0666.2662.168.4754.3054.4184.2747,1.0349.6933,1.8212,1.2651a80.177,80.177,0,0,1,6.5292,5.3445A121.8279,121.8279,0,0,1,45.612,109.695C60.0573,131.674,74.53,167.078,74.53,220.732h1c0-53.654,14.4725-89.058,28.9182-111.037a121.7957,121.7957,0,0,1,19.855-23.5213,79.9734,79.9734,0,0,1,6.529-5.3445c.786-.5718,1.402-.99,1.821-1.2651.209-.1374.369-.2388.475-.3054l.12-.0739.029-.0177.007-.0041.001-.0008-.019-.032-.236-.3978c-.256-.43-.257-.429-.257-.429l-.003.0016-.009.0054-.033.02q-.045.0268-.129.08c-.113.07-.279.176-.495.3176-.431.2831-1.061.7107-1.86,1.2922a81.0761,81.0761,0,0,0-6.612,5.4114,122.832,122.832,0,0,0-20.02,23.7132c-11.2133,17.062-22.41,42.107-26.9607,77.33,1.4713-25.63,4.68-59.469,11.2431-91.1044C93.078,70.383,100.346,46.8129,110.475,29.7514,120.607,12.6863,133.525,2.2479,150,3.2315l.06-.9982C133.035,1.2169,119.827,12.0407,109.615,29.2409ZM74.53,188.618c-1.414-25.912-4.6211-60.844-11.3854-93.4506a306.4655,306.4655,0,0,0-10.6837-39.435h.07c0-15.068,5.7061-28.73,11.433-38.6421A105.56,105.56,0,0,1,71.8327,5.36c1.0726-1.3843,1.9657-2.4582,2.59-3.185l.1075-.1249Zm12.3854-93.45c-6.7643,32.6065-9.9714,67.5385-11.3854,93.45V2.0472l.11.1282c.6239.7268,1.517,1.8007,2.59,3.185a105.56,105.56,0,0,1,7.8685,11.73c5.7269,9.9125,11.4329,23.5741,11.4329,38.6421h.0678A306.4626,306.4626,0,0,0,86.9152,95.1675Z\"><\/path><\/svg>\t\t\t<\/div>\n\t\t<\/div>\n\t\t\t\t\t\t<\/div>\n\t\t\t\t<\/div>\n\t\t\t\t<\/div>\n\t\t<div class=\"elementor-element elementor-element-2cc8512c e-con-full e-flex e-con e-child\" data-id=\"2cc8512c\" data-element_type=\"container\" data-e-type=\"container\" data-settings=\"{&quot;background_background&quot;:&quot;classic&quot;}\">\n\t\t\t\t<div class=\"elementor-element elementor-element-637e3bfd elementor-button-align-end elementor-mobile-button-align-stretch elementor-widget elementor-widget-form\" data-id=\"637e3bfd\" data-element_type=\"widget\" data-e-type=\"widget\" data-settings=\"{&quot;step_next_label&quot;:&quot;Next&quot;,&quot;step_previous_label&quot;:&quot;Previous&quot;,&quot;button_width&quot;:&quot;100&quot;,&quot;step_type&quot;:&quot;number_text&quot;,&quot;step_icon_shape&quot;:&quot;circle&quot;}\" data-widget_type=\"form.default\">\n\t\t\t\t<div class=\"elementor-widget-container\">\n\t\t\t\t\t\t\t<form class=\"elementor-form\" method=\"post\" name=\"Formulario de contecto\" aria-label=\"Formulario de contecto\">\n\t\t\t<input type=\"hidden\" name=\"post_id\" value=\"56\"\/>\n\t\t\t<input type=\"hidden\" name=\"form_id\" value=\"637e3bfd\"\/>\n\t\t\t<input type=\"hidden\" name=\"referer_title\" value=\"Contacto - L\u00e1ser Ginecol\u00f3gico \u2022 M\u00e1laga\" \/>\n\n\t\t\t\t\t\t\t<input type=\"hidden\" name=\"queried_id\" value=\"56\"\/>\n\t\t\t\n\t\t\t<div class=\"elementor-form-fields-wrapper elementor-labels-\">\n\t\t\t\t\t\t\t\t<div class=\"elementor-field-type-text elementor-field-group elementor-column elementor-field-group-name elementor-col-50\">\n\t\t\t\t\t\t\t\t\t\t\t\t<label for=\"form-field-name\" class=\"elementor-field-label elementor-screen-only\">\n\t\t\t\t\t\t\t\tNombre\t\t\t\t\t\t\t<\/label>\n\t\t\t\t\t\t\t\t\t\t\t\t\t\t<input size=\"1\" type=\"text\" name=\"form_fields[name]\" id=\"form-field-name\" class=\"elementor-field elementor-size-sm  elementor-field-textual\" placeholder=\"Nombre :\">\n\t\t\t\t\t\t\t\t\t\t\t<\/div>\n\t\t\t\t\t\t\t\t<div class=\"elementor-field-type-text elementor-field-group elementor-column elementor-field-group-field_52601ef elementor-col-50\">\n\t\t\t\t\t\t\t\t\t\t\t\t<label for=\"form-field-field_52601ef\" class=\"elementor-field-label elementor-screen-only\">\n\t\t\t\t\t\t\t\tApellidos\t\t\t\t\t\t\t<\/label>\n\t\t\t\t\t\t\t\t\t\t\t\t\t\t<input size=\"1\" type=\"text\" name=\"form_fields[field_52601ef]\" id=\"form-field-field_52601ef\" class=\"elementor-field elementor-size-sm  elementor-field-textual\" placeholder=\"Apellidos :\">\n\t\t\t\t\t\t\t\t\t\t\t<\/div>\n\t\t\t\t\t\t\t\t<div class=\"elementor-field-type-email elementor-field-group elementor-column elementor-field-group-email elementor-col-100 elementor-field-required\">\n\t\t\t\t\t\t\t\t\t\t\t\t<label for=\"form-field-email\" class=\"elementor-field-label elementor-screen-only\">\n\t\t\t\t\t\t\t\tEmail\t\t\t\t\t\t\t<\/label>\n\t\t\t\t\t\t\t\t\t\t\t\t\t\t<input size=\"1\" type=\"email\" name=\"form_fields[email]\" id=\"form-field-email\" class=\"elementor-field elementor-size-sm  elementor-field-textual\" placeholder=\"Email :\" required=\"required\">\n\t\t\t\t\t\t\t\t\t\t\t<\/div>\n\t\t\t\t\t\t\t\t<div class=\"elementor-field-type-textarea elementor-field-group elementor-column elementor-field-group-message elementor-col-100\">\n\t\t\t\t\t\t\t\t\t\t\t\t<label for=\"form-field-message\" class=\"elementor-field-label elementor-screen-only\">\n\t\t\t\t\t\t\t\tMensaje\t\t\t\t\t\t\t<\/label>\n\t\t\t\t\t\t<textarea class=\"elementor-field-textual elementor-field  elementor-size-sm\" name=\"form_fields[message]\" id=\"form-field-message\" rows=\"1\" placeholder=\"Mensaje :\"><\/textarea>\t\t\t\t<\/div>\n\t\t\t\t\t\t\t\t<div class=\"elementor-field-type-recaptcha_v3 elementor-field-group elementor-column elementor-field-group-field_42caf61 elementor-col-100 recaptcha_v3-inline\">\n\t\t\t\t\t<div class=\"elementor-field\" id=\"form-field-field_42caf61\"><div class=\"elementor-g-recaptcha\" data-sitekey=\"6LeTiBArAAAAALqfKD8OJCxEv8FIpUZS5ZLMdtLc\" data-type=\"v3\" data-action=\"Form\" data-badge=\"inline\" data-size=\"invisible\"><\/div><\/div>\t\t\t\t<\/div>\n\t\t\t\t\t\t\t\t<div class=\"elementor-field-type-acceptance elementor-field-group elementor-column elementor-field-group-field_244ebf9 elementor-col-100 elementor-field-required\">\n\t\t\t\t\t\t\t<div class=\"elementor-field-subgroup\">\n\t\t\t<span class=\"elementor-field-option\">\n\t\t\t\t<input type=\"checkbox\" name=\"form_fields[field_244ebf9]\" id=\"form-field-field_244ebf9\" class=\"elementor-field elementor-size-sm  elementor-acceptance-field\" required=\"required\">\n\t\t\t\t<label for=\"form-field-field_244ebf9\"> He le\u00eddo y acepto la Pol\u00edtica de Privacidad<\/label>\t\t\t<\/span>\n\t\t<\/div>\n\t\t\t\t\t\t<\/div>\n\t\t\t\t\t\t\t\t<div class=\"elementor-field-group elementor-column elementor-field-type-submit elementor-col-100 e-form__buttons\">\n\t\t\t\t\t<button class=\"elementor-button elementor-size-sm elementor-animation-shrink\" type=\"submit\">\n\t\t\t\t\t\t<span class=\"elementor-button-content-wrapper\">\n\t\t\t\t\t\t\t\t\t\t\t\t\t\t\t\t\t\t\t\t\t\t<span class=\"elementor-button-text\">Enviar<\/span>\n\t\t\t\t\t\t\t\t\t\t\t\t\t<\/span>\n\t\t\t\t\t<\/button>\n\t\t\t\t<\/div>\n\t\t\t<\/div>\n\t\t<\/form>\n\t\t\t\t\t\t<\/div>\n\t\t\t\t<\/div>\n\t\t\t\t<\/div>\n\t\t\t\t<\/div>\n\t\t<div class=\"elementor-element elementor-element-6f9ae073 e-con-full e-flex e-con e-parent\" data-id=\"6f9ae073\" data-element_type=\"container\" data-e-type=\"container\">\n\t\t<div class=\"elementor-element elementor-element-344389cd animated-slow e-con-full e-flex elementor-invisible e-con e-child\" data-id=\"344389cd\" data-element_type=\"container\" data-e-type=\"container\" data-settings=\"{&quot;background_background&quot;:&quot;classic&quot;,&quot;animation&quot;:&quot;fadeInUp&quot;}\">\n\t\t\t\t<div class=\"elementor-element elementor-element-ac2e4eb elementor-align-justify elementor-widget elementor-widget-button\" data-id=\"ac2e4eb\" data-element_type=\"widget\" data-e-type=\"widget\" data-widget_type=\"button.default\">\n\t\t\t\t<div class=\"elementor-widget-container\">\n\t\t\t\t\t\t\t\t\t<div class=\"elementor-button-wrapper\">\n\t\t\t\t\t<a class=\"elementor-button elementor-button-link elementor-size-sm\" href=\"#\">\n\t\t\t\t\t\t<span class=\"elementor-button-content-wrapper\">\n\t\t\t\t\t\t\t\t\t<span class=\"elementor-button-text\">952 304 716<\/span>\n\t\t\t\t\t<\/span>\n\t\t\t\t\t<\/a>\n\t\t\t\t<\/div>\n\t\t\t\t\t\t\t\t<\/div>\n\t\t\t\t<\/div>\n\t\t\t\t<div class=\"elementor-element elementor-element-641b72c elementor-align-justify elementor-widget elementor-widget-button\" data-id=\"641b72c\" data-element_type=\"widget\" data-e-type=\"widget\" data-widget_type=\"button.default\">\n\t\t\t\t<div class=\"elementor-widget-container\">\n\t\t\t\t\t\t\t\t\t<div class=\"elementor-button-wrapper\">\n\t\t\t\t\t<a class=\"elementor-button elementor-button-link elementor-size-sm\" href=\"#\">\n\t\t\t\t\t\t<span class=\"elementor-button-content-wrapper\">\n\t\t\t\t\t\t\t\t\t<span class=\"elementor-button-text\">669 488 185 (24 H \/ 7 DIAS)<\/span>\n\t\t\t\t\t<\/span>\n\t\t\t\t\t<\/a>\n\t\t\t\t<\/div>\n\t\t\t\t\t\t\t\t<\/div>\n\t\t\t\t<\/div>\n\t\t\t\t<\/div>\n\t\t<div class=\"elementor-element elementor-element-60959ccd e-con-full e-flex elementor-invisible e-con e-child\" data-id=\"60959ccd\" data-element_type=\"container\" data-e-type=\"container\" data-settings=\"{&quot;background_background&quot;:&quot;classic&quot;,&quot;animation&quot;:&quot;fadeInLeft&quot;}\">\n\t\t\t\t<div class=\"elementor-element elementor-element-61fb63f6 elementor-align-justify elementor-widget elementor-widget-button\" data-id=\"61fb63f6\" data-element_type=\"widget\" data-e-type=\"widget\" data-widget_type=\"button.default\">\n\t\t\t\t<div class=\"elementor-widget-container\">\n\t\t\t\t\t\t\t\t\t<div class=\"elementor-button-wrapper\">\n\t\t\t\t\t<a class=\"elementor-button elementor-button-link elementor-size-sm\" href=\"mailto:ginecenter2011@hotmail.com\">\n\t\t\t\t\t\t<span class=\"elementor-button-content-wrapper\">\n\t\t\t\t\t\t\t\t\t<span class=\"elementor-button-text\">Email<\/span>\n\t\t\t\t\t<\/span>\n\t\t\t\t\t<\/a>\n\t\t\t\t<\/div>\n\t\t\t\t\t\t\t\t<\/div>\n\t\t\t\t<\/div>\n\t\t\t\t<\/div>\n\t\t\t\t<\/div>\n\t\t<div class=\"elementor-element elementor-element-76077a2c animated-slow e-flex e-con-boxed elementor-invisible e-con e-parent\" data-id=\"76077a2c\" data-element_type=\"container\" data-e-type=\"container\" data-settings=\"{&quot;animation&quot;:&quot;fadeInUp&quot;}\">\n\t\t\t\t\t<div class=\"e-con-inner\">\n\t\t<div class=\"elementor-element elementor-element-7294bbec e-con-full e-flex e-con e-child\" data-id=\"7294bbec\" data-element_type=\"container\" data-e-type=\"container\" data-settings=\"{&quot;background_background&quot;:&quot;classic&quot;}\">\n\t\t\t\t<div class=\"elementor-element elementor-element-8b85bbb elementor-widget elementor-widget-heading\" data-id=\"8b85bbb\" data-element_type=\"widget\" data-e-type=\"widget\" data-widget_type=\"heading.default\">\n\t\t\t\t<div class=\"elementor-widget-container\">\n\t\t\t\t\t<h2 class=\"elementor-heading-title elementor-size-default\">C. Alemania, 15  \n29001 M\u00e1laga<\/h2>\t\t\t\t<\/div>\n\t\t\t\t<\/div>\n\t\t\t\t<\/div>\n\t\t\t\t\t<\/div>\n\t\t\t\t<\/div>\n\t\t\t\t<\/div>\n\t\t","protected":false},"excerpt":{"rendered":"<p>We are a centre that offers specialised services in:<br \/>\n- Gynaecology, with specialists in Menopause<br \/>\n- Gynaecological laser treatments<br \/>\n- Minor Outpatient Surgery<\/p>","protected":false},"author":1,"featured_media":0,"parent":0,"menu_order":0,"comment_status":"closed","ping_status":"closed","template":"elementor_header_footer","meta":{"footnotes":""},"class_list":["post-56","page","type-page","status-publish","hentry"],"yoast_head":"<!-- This site is optimized with the Yoast SEO plugin v27.3 - https:\/\/yoast.com\/product\/yoast-seo-wordpress\/ -->\n<title>Contacto - L\u00e1ser Ginecol\u00f3gico \u2022 M\u00e1laga<\/title>\n<meta name=\"description\" content=\"Somos un centro que dispone de servicios especializados en Ginecolog\u00eda con especialistas en Menopausia, Tratamientos l\u00e1ser ginecol\u00f3gico y Cirug\u00eda Menor Ambulatoria\" \/>\n<meta name=\"robots\" content=\"index, follow, max-snippet:-1, max-image-preview:large, max-video-preview:-1\" \/>\n<link rel=\"canonical\" href=\"https:\/\/laserginecologico.es\/en\/contacto\/\" \/>\n<meta property=\"og:locale\" content=\"en_GB\" \/>\n<meta property=\"og:type\" content=\"article\" \/>\n<meta property=\"og:title\" content=\"laserginecologico.es - M\u00e1laga\" \/>\n<meta property=\"og:description\" content=\"Somos un centro que dispone de servicios especializados en Ginecolog\u00eda con especialistas en Menopausia, Tratamientos l\u00e1ser ginecol\u00f3gico y Cirug\u00eda Menor Ambulatoria\" \/>\n<meta property=\"og:url\" content=\"https:\/\/laserginecologico.es\/en\/contacto\/\" \/>\n<meta property=\"og:site_name\" content=\"L\u00e1ser Ginecol\u00f3gico \u2022 M\u00e1laga\" \/>\n<meta property=\"article:publisher\" content=\"https:\/\/www.facebook.com\/laserginecologicomalaga\" \/>\n<meta property=\"article:modified_time\" content=\"2025-05-07T11:29:58+00:00\" \/>\n<meta property=\"og:image\" content=\"https:\/\/laserginecologico.es\/wp-content\/uploads\/2025\/04\/doctors-cuadrado_low_coat-with-flowers-clipboard-pen-and-uter-2025-03-24-18-30-45-utc.jpg\" \/>\n\t<meta property=\"og:image:width\" content=\"1500\" \/>\n\t<meta property=\"og:image:height\" content=\"1456\" \/>\n\t<meta property=\"og:image:type\" content=\"image\/jpeg\" \/>\n<meta name=\"twitter:card\" content=\"summary_large_image\" \/>\n<meta name=\"twitter:label1\" content=\"Estimated reading time\" \/>\n\t<meta name=\"twitter:data1\" content=\"1 minute\" \/>\n<script type=\"application\/ld+json\" class=\"yoast-schema-graph\">{\"@context\":\"https:\\\/\\\/schema.org\",\"@graph\":[{\"@type\":\"WebPage\",\"@id\":\"https:\\\/\\\/laserginecologico.es\\\/contacto\\\/\",\"url\":\"https:\\\/\\\/laserginecologico.es\\\/contacto\\\/\",\"name\":\"Contacto - L\u00e1ser Ginecol\u00f3gico \u2022 M\u00e1laga\",\"isPartOf\":{\"@id\":\"https:\\\/\\\/laserginecologico.es\\\/#website\"},\"datePublished\":\"2025-04-07T14:40:40+00:00\",\"dateModified\":\"2025-05-07T11:29:58+00:00\",\"description\":\"Somos un centro que dispone de servicios especializados en Ginecolog\u00eda con especialistas en Menopausia, Tratamientos l\u00e1ser ginecol\u00f3gico y Cirug\u00eda Menor Ambulatoria\",\"breadcrumb\":{\"@id\":\"https:\\\/\\\/laserginecologico.es\\\/contacto\\\/#breadcrumb\"},\"inLanguage\":\"en-GB\",\"potentialAction\":[{\"@type\":\"ReadAction\",\"target\":[\"https:\\\/\\\/laserginecologico.es\\\/contacto\\\/\"]}]},{\"@type\":\"BreadcrumbList\",\"@id\":\"https:\\\/\\\/laserginecologico.es\\\/contacto\\\/#breadcrumb\",\"itemListElement\":[{\"@type\":\"ListItem\",\"position\":1,\"name\":\"Portada\",\"item\":\"https:\\\/\\\/laserginecologico.es\\\/\"},{\"@type\":\"ListItem\",\"position\":2,\"name\":\"Contacto\"}]},{\"@type\":\"WebSite\",\"@id\":\"https:\\\/\\\/laserginecologico.es\\\/#website\",\"url\":\"https:\\\/\\\/laserginecologico.es\\\/\",\"name\":\"L\u00e1ser Ginecol\u00f3gico \u2022 M\u00e1laga\",\"description\":\"La m\u00e1s avanzada tecnolog\u00eda de diagn\u00f3stico y tratamiento con l\u00e1ser ginecol\u00f3gico a tu servicio y ahora disponible en el coraz\u00f3n de M\u00e1laga.\",\"publisher\":{\"@id\":\"https:\\\/\\\/laserginecologico.es\\\/#organization\"},\"potentialAction\":[{\"@type\":\"SearchAction\",\"target\":{\"@type\":\"EntryPoint\",\"urlTemplate\":\"https:\\\/\\\/laserginecologico.es\\\/?s={search_term_string}\"},\"query-input\":{\"@type\":\"PropertyValueSpecification\",\"valueRequired\":true,\"valueName\":\"search_term_string\"}}],\"inLanguage\":\"en-GB\"},{\"@type\":\"Organization\",\"@id\":\"https:\\\/\\\/laserginecologico.es\\\/#organization\",\"name\":\"L\u00e1ser Ginecol\u00f3gico \u2022 M\u00e1laga\",\"url\":\"https:\\\/\\\/laserginecologico.es\\\/\",\"logo\":{\"@type\":\"ImageObject\",\"inLanguage\":\"en-GB\",\"@id\":\"https:\\\/\\\/laserginecologico.es\\\/#\\\/schema\\\/logo\\\/image\\\/\",\"url\":\"https:\\\/\\\/laserginecologico.es\\\/wp-content\\\/uploads\\\/2025\\\/04\\\/beauty-in-any-age-charming-tender-woman-touches-c-2025-01-24-02-50-28-utcmodif.jpg\",\"contentUrl\":\"https:\\\/\\\/laserginecologico.es\\\/wp-content\\\/uploads\\\/2025\\\/04\\\/beauty-in-any-age-charming-tender-woman-touches-c-2025-01-24-02-50-28-utcmodif.jpg\",\"width\":2550,\"height\":1700,\"caption\":\"L\u00e1ser Ginecol\u00f3gico \u2022 M\u00e1laga\"},\"image\":{\"@id\":\"https:\\\/\\\/laserginecologico.es\\\/#\\\/schema\\\/logo\\\/image\\\/\"},\"sameAs\":[\"https:\\\/\\\/www.facebook.com\\\/laserginecologicomalaga\"]}]}<\/script>\n<!-- \/ Yoast SEO plugin. -->","yoast_head_json":{"title":"Contact - Gynaecological Laser - M\u00e1laga","description":"We are a centre that offers specialised services in Gynaecology with specialists in Menopause, Gynaecological Laser Treatments and Minor Outpatient Surgery.","robots":{"index":"index","follow":"follow","max-snippet":"max-snippet:-1","max-image-preview":"max-image-preview:large","max-video-preview":"max-video-preview:-1"},"canonical":"https:\/\/laserginecologico.es\/en\/contacto\/","og_locale":"en_GB","og_type":"article","og_title":"laserginecologico.es - M\u00e1laga","og_description":"Somos un centro que dispone de servicios especializados en Ginecolog\u00eda con especialistas en Menopausia, Tratamientos l\u00e1ser ginecol\u00f3gico y Cirug\u00eda Menor Ambulatoria","og_url":"https:\/\/laserginecologico.es\/en\/contacto\/","og_site_name":"L\u00e1ser Ginecol\u00f3gico \u2022 M\u00e1laga","article_publisher":"https:\/\/www.facebook.com\/laserginecologicomalaga","article_modified_time":"2025-05-07T11:29:58+00:00","og_image":[{"width":1500,"height":1456,"url":"https:\/\/laserginecologico.es\/wp-content\/uploads\/2025\/04\/doctors-cuadrado_low_coat-with-flowers-clipboard-pen-and-uter-2025-03-24-18-30-45-utc.jpg","type":"image\/jpeg"}],"twitter_card":"summary_large_image","twitter_misc":{"Estimated reading time":"1 minute"},"schema":{"@context":"https:\/\/schema.org","@graph":[{"@type":"WebPage","@id":"https:\/\/laserginecologico.es\/contacto\/","url":"https:\/\/laserginecologico.es\/contacto\/","name":"Contact - Gynaecological Laser - M\u00e1laga","isPartOf":{"@id":"https:\/\/laserginecologico.es\/#website"},"datePublished":"2025-04-07T14:40:40+00:00","dateModified":"2025-05-07T11:29:58+00:00","description":"We are a centre that offers specialised services in Gynaecology with specialists in Menopause, Gynaecological Laser Treatments and Minor Outpatient Surgery.","breadcrumb":{"@id":"https:\/\/laserginecologico.es\/contacto\/#breadcrumb"},"inLanguage":"en-GB","potentialAction":[{"@type":"ReadAction","target":["https:\/\/laserginecologico.es\/contacto\/"]}]},{"@type":"BreadcrumbList","@id":"https:\/\/laserginecologico.es\/contacto\/#breadcrumb","itemListElement":[{"@type":"ListItem","position":1,"name":"Portada","item":"https:\/\/laserginecologico.es\/"},{"@type":"ListItem","position":2,"name":"Contacto"}]},{"@type":"WebSite","@id":"https:\/\/laserginecologico.es\/#website","url":"https:\/\/laserginecologico.es\/","name":"Gynaecological Laser - Malaga","description":"The most advanced gynaecological laser diagnosis and treatment technology at your service and now available in the heart of Malaga.","publisher":{"@id":"https:\/\/laserginecologico.es\/#organization"},"potentialAction":[{"@type":"SearchAction","target":{"@type":"EntryPoint","urlTemplate":"https:\/\/laserginecologico.es\/?s={search_term_string}"},"query-input":{"@type":"PropertyValueSpecification","valueRequired":true,"valueName":"search_term_string"}}],"inLanguage":"en-GB"},{"@type":"Organization","@id":"https:\/\/laserginecologico.es\/#organization","name":"Gynaecological Laser - Malaga","url":"https:\/\/laserginecologico.es\/","logo":{"@type":"ImageObject","inLanguage":"en-GB","@id":"https:\/\/laserginecologico.es\/#\/schema\/logo\/image\/","url":"https:\/\/laserginecologico.es\/wp-content\/uploads\/2025\/04\/beauty-in-any-age-charming-tender-woman-touches-c-2025-01-24-02-50-28-utcmodif.jpg","contentUrl":"https:\/\/laserginecologico.es\/wp-content\/uploads\/2025\/04\/beauty-in-any-age-charming-tender-woman-touches-c-2025-01-24-02-50-28-utcmodif.jpg","width":2550,"height":1700,"caption":"L\u00e1ser Ginecol\u00f3gico \u2022 M\u00e1laga"},"image":{"@id":"https:\/\/laserginecologico.es\/#\/schema\/logo\/image\/"},"sameAs":["https:\/\/www.facebook.com\/laserginecologicomalaga"]}]}},"_links":{"self":[{"href":"https:\/\/laserginecologico.es\/en\/wp-json\/wp\/v2\/pages\/56","targetHints":{"allow":["GET"]}}],"collection":[{"href":"https:\/\/laserginecologico.es\/en\/wp-json\/wp\/v2\/pages"}],"about":[{"href":"https:\/\/laserginecologico.es\/en\/wp-json\/wp\/v2\/types\/page"}],"author":[{"embeddable":true,"href":"https:\/\/laserginecologico.es\/en\/wp-json\/wp\/v2\/users\/1"}],"replies":[{"embeddable":true,"href":"https:\/\/laserginecologico.es\/en\/wp-json\/wp\/v2\/comments?post=56"}],"version-history":[{"count":52,"href":"https:\/\/laserginecologico.es\/en\/wp-json\/wp\/v2\/pages\/56\/revisions"}],"predecessor-version":[{"id":448,"href":"https:\/\/laserginecologico.es\/en\/wp-json\/wp\/v2\/pages\/56\/revisions\/448"}],"wp:attachment":[{"href":"https:\/\/laserginecologico.es\/en\/wp-json\/wp\/v2\/media?parent=56"}],"curies":[{"name":"wp","href":"https:\/\/api.w.org\/{rel}","templated":true}]}}